{"id":25989428,"date":"2024-11-26T18:09:01","date_gmt":"2024-11-26T18:09:01","guid":{"rendered":"https:\/\/expertech.site\/?post_type=product&#038;p=25989428"},"modified":"2025-01-21T20:58:03","modified_gmt":"2025-01-21T20:58:03","slug":"rally-bar","status":"publish","type":"product","link":"https:\/\/expertech.com.mx\/index.php\/producto\/rally-bar\/","title":{"rendered":"Rally Bar"},"content":{"rendered":"","protected":false},"excerpt":{"rendered":"<p><strong>Logitech Rally Bar<\/strong> es la barra de video de gama alta para salas de reuni\u00f3n de tama\u00f1o mediano a grande. Descubre videoconferencias todo-en-uno extraordinariamente sencillas con tecnolog\u00eda de Inteligencia Artificial integrada, componentes \u00f3pticos brillantes y audio potente.<\/p>\n","protected":false},"featured_media":25989570,"comment_status":"open","ping_status":"closed","template":"","meta":{"_et_pb_use_builder":"","_et_pb_old_content":"","_et_gb_content_width":""},"product_brand":[],"product_cat":[47],"product_tag":[],"class_list":{"0":"post-25989428","1":"product","2":"type-product","3":"status-publish","4":"has-post-thumbnail","6":"product_cat-sistemas-de-videoconferencia","8":"first","9":"instock","10":"shipping-taxable","11":"product-type-simple"},"_links":{"self":[{"href":"https:\/\/expertech.com.mx\/index.php\/wp-json\/wp\/v2\/product\/25989428","targetHints":{"allow":["GET"]}}],"collection":[{"href":"https:\/\/expertech.com.mx\/index.php\/wp-json\/wp\/v2\/product"}],"about":[{"href":"https:\/\/expertech.com.mx\/index.php\/wp-json\/wp\/v2\/types\/product"}],"replies":[{"embeddable":true,"href":"https:\/\/expertech.com.mx\/index.php\/wp-json\/wp\/v2\/comments?post=25989428"}],"wp:featuredmedia":[{"embeddable":true,"href":"https:\/\/expertech.com.mx\/index.php\/wp-json\/wp\/v2\/media\/25989570"}],"wp:attachment":[{"href":"https:\/\/expertech.com.mx\/index.php\/wp-json\/wp\/v2\/media?parent=25989428"}],"wp:term":[{"taxonomy":"product_brand","embeddable":true,"href":"https:\/\/expertech.com.mx\/index.php\/wp-json\/wp\/v2\/product_brand?post=25989428"},{"taxonomy":"product_cat","embeddable":true,"href":"https:\/\/expertech.com.mx\/index.php\/wp-json\/wp\/v2\/product_cat?post=25989428"},{"taxonomy":"product_tag","embeddable":true,"href":"https:\/\/expertech.com.mx\/index.php\/wp-json\/wp\/v2\/product_tag?post=25989428"}],"curies":[{"name":"wp","href":"https:\/\/api.w.org\/{rel}","templated":true}]}}