{"id":25989420,"date":"2024-11-26T17:59:13","date_gmt":"2024-11-26T17:59:13","guid":{"rendered":"https:\/\/expertech.site\/?post_type=product&#038;p=25989420"},"modified":"2025-01-21T20:58:36","modified_gmt":"2025-01-21T20:58:36","slug":"rally-bar-huddle","status":"publish","type":"product","link":"https:\/\/expertech.com.mx\/index.php\/producto\/rally-bar-huddle\/","title":{"rendered":"Rally Bar Huddle"},"content":{"rendered":"","protected":false},"excerpt":{"rendered":"<p>Barra de video todo-en-uno para salas peque\u00f1as y Huddle Room. Con un dise\u00f1o elegante y tecnolog\u00eda robusta, <strong>Rally Bar Huddle<\/strong> es una soluci\u00f3n sencilla y potente para espacios peque\u00f1os.<\/p>\n","protected":false},"featured_media":25989572,"comment_status":"open","ping_status":"closed","template":"","meta":{"_et_pb_use_builder":"","_et_pb_old_content":"","_et_gb_content_width":""},"product_brand":[],"product_cat":[47],"product_tag":[],"class_list":{"0":"post-25989420","1":"product","2":"type-product","3":"status-publish","4":"has-post-thumbnail","6":"product_cat-sistemas-de-videoconferencia","8":"first","9":"instock","10":"shipping-taxable","11":"product-type-simple"},"_links":{"self":[{"href":"https:\/\/expertech.com.mx\/index.php\/wp-json\/wp\/v2\/product\/25989420","targetHints":{"allow":["GET"]}}],"collection":[{"href":"https:\/\/expertech.com.mx\/index.php\/wp-json\/wp\/v2\/product"}],"about":[{"href":"https:\/\/expertech.com.mx\/index.php\/wp-json\/wp\/v2\/types\/product"}],"replies":[{"embeddable":true,"href":"https:\/\/expertech.com.mx\/index.php\/wp-json\/wp\/v2\/comments?post=25989420"}],"wp:featuredmedia":[{"embeddable":true,"href":"https:\/\/expertech.com.mx\/index.php\/wp-json\/wp\/v2\/media\/25989572"}],"wp:attachment":[{"href":"https:\/\/expertech.com.mx\/index.php\/wp-json\/wp\/v2\/media?parent=25989420"}],"wp:term":[{"taxonomy":"product_brand","embeddable":true,"href":"https:\/\/expertech.com.mx\/index.php\/wp-json\/wp\/v2\/product_brand?post=25989420"},{"taxonomy":"product_cat","embeddable":true,"href":"https:\/\/expertech.com.mx\/index.php\/wp-json\/wp\/v2\/product_cat?post=25989420"},{"taxonomy":"product_tag","embeddable":true,"href":"https:\/\/expertech.com.mx\/index.php\/wp-json\/wp\/v2\/product_tag?post=25989420"}],"curies":[{"name":"wp","href":"https:\/\/api.w.org\/{rel}","templated":true}]}}